{"id":9,"date":"2016-07-13T11:54:02","date_gmt":"2016-07-13T09:54:02","guid":{"rendered":"http:\/\/localhost:8888\/?page_id=9"},"modified":"2021-03-23T11:10:47","modified_gmt":"2021-03-23T10:10:47","slug":"articulations","status":"publish","type":"page","link":"https:\/\/flexofytol.be\/fr\/articulations\/","title":{"rendered":"Les articulations"},"content":{"rendered":"[vc_row][vc_column width=\u00a0\u00bb2\/3&Prime;][vc_row_inner][vc_column_inner width=\u00a0\u00bb1\/3&Prime;][vc_column_text css=\u00a0\u00bb.vc_custom_1616403845939{margin-bottom: 0px !important;}\u00a0\u00bb]\r\n<p><img fetchpriority=\"high\" decoding=\"async\" width=\"250\" height=\"750\" class=\"wp-image-90\" src=\"http:\/\/flexofytol.be\/wp-content\/uploads\/2016\/07\/FLEXOFYTOL-articulations-squelette-1.jpg\" alt=\"FLEXOFYTOL-articulations-squelette\" \/><\/p>\r\n[\/vc_column_text][\/vc_column_inner][vc_column_inner width=\u00a0\u00bb2\/3&Prime;][vc_column_text css=\u00a0\u00bb.vc_custom_1616403871403{margin-bottom: 0px !important;}\u00a0\u00bb]\r\n<h2><strong>Difficile de bouger\u00a0?\u00a0<\/strong><\/h2>\r\n<p>La mobilit\u00e9 des articulations <strong>\u00e9volue en fonction de l\u2019\u00e2ge<\/strong>.<\/p>\r\n<p>Avec le temps, le tissu cartilagineux se fait de plus en plus mince et perd sa souplesse. Les premi\u00e8res manifestations apparaissent g\u00e9n\u00e9ralement au niveau des <strong>articulations porteuses<\/strong> : genoux, hanches,\u2026<\/p>\r\n<p>Le dos, les mains et les coudes sont \u00e9galement des zones particuli\u00e8rement concern\u00e9es.<\/p>\r\n<p>Ce ph\u00e9nom\u00e8ne touche essentiellement les personnes de <strong>plus de 65 ans<\/strong>.<\/p>\r\n<p>La mobilit\u00e9 articulaire <strong>peut survenir plus t\u00f4t chez les sportifs et les personnes qui ont un travail physique particuli\u00e8rement exigeant ou r\u00e9p\u00e9titif<\/strong>.<\/p>\r\n<p>Des facteurs comme l\u2019h\u00e9r\u00e9dit\u00e9, le surpoids ou un accident ant\u00e9rieur (fractures, traumatismes\u2026) peuvent \u00e9galement intervenir.<\/p>\r\n<p>A un stade avanc\u00e9, les mouvements deviennent difficiles et inconfortables, des raideurs se produisent\u2026 Il peut devenir tr\u00e8s difficile de lacer ses chaussures, de marcher, de s\u2019habiller\u2026<\/p>\r\n[\/vc_column_text][mk_button dimension=\u00a0\u00bbflat\u00a0\u00bb size=\u00a0\u00bblarge\u00a0\u00bb icon=\u00a0\u00bbmk-icon-gears\u00a0\u00bb url=\u00a0\u00bb\/fr\/articulations\/comprendre-les-articulations\u00a0\u00bb bg_color=\u00a0\u00bb#e4032e\u00a0\u00bb btn_hover_bg=\u00a0\u00bbrgba(228,3,46,0.25)\u00a0\u00bb btn_hover_txt_color=\u00a0\u00bb#e4032e\u00a0\u00bb]Comprendre les articulations [\/mk_button][mk_button dimension=\u00a0\u00bbflat\u00a0\u00bb size=\u00a0\u00bblarge\u00a0\u00bb icon=\u00a0\u00bbmk-icon-thumbs-o-up\u00a0\u00bb url=\u00a0\u00bb\/fr\/articulations\/astuces\/\u00a0\u00bb bg_color=\u00a0\u00bb#e4032e\u00a0\u00bb btn_hover_bg=\u00a0\u00bbrgba(228,3,46,0.25)\u00a0\u00bb btn_hover_txt_color=\u00a0\u00bb#e4032e\u00a0\u00bb]Astuces[\/mk_button][\/vc_column_inner][\/vc_row_inner][\/vc_column][vc_column width=\u00a0\u00bb1\/3&Prime;][vc_message message_box_color=\u00a0\u00bbdanger\u00a0\u00bb]\r\n<h3>Que faire ?<\/h3>\r\n<p>Le maintien en bonne sant\u00e9 des articulations n\u00e9cessite une approche multidirectionnelle pour un confort optimal et durable. <strong>\u00ab\u00a0Certaines plantes m\u00e9dicinales comme le curcuma peuvent \u00eatre utilis\u00e9es pour maintenir la souplesse articulaire.\u00a0\u00bb<\/strong> N\u2019h\u00e9sitez pas \u00e0 demander conseil \u00e0 votre m\u00e9decin ou votre pharmacien.<\/p>\r\n[\/vc_message][vc_column_text css=\u00a0\u00bb.vc_custom_1616404424741{margin-bottom: 0px !important;}\u00a0\u00bb]\r\n<p><a href=\"http:\/\/flexofytol.be\/wp-content\/uploads\/2016\/07\/FLEXOFYTOL-articulations-senior-tennis.png\"><img decoding=\"async\" class=\"aligncenter size-full wp-image-315\" src=\"http:\/\/flexofytol.be\/wp-content\/uploads\/2016\/07\/FLEXOFYTOL-articulations-senior-tennis.png\" alt=\"\" width=\"750\" height=\"365\" \/><\/a><\/p>\r\n[\/vc_column_text][\/vc_column][\/vc_row]\r\n","protected":false},"excerpt":{"rendered":"<p>[vc_row][vc_column width=\u00a0\u00bb2\/3&Prime;][vc_row_inner][vc_column_inner width=\u00a0\u00bb1\/3&Prime;][vc_column_text css=\u00a0\u00bb.vc_custom_1616403845939{margin-bottom: 0px !important;}\u00a0\u00bb] [\/vc_column_text][\/vc_column_inner][vc_column_inner width=\u00a0\u00bb2\/3&Prime;][vc_column_text css=\u00a0\u00bb.vc_custom_1616403871403{margin-bottom: 0px !important;}\u00a0\u00bb] Difficile de bouger\u00a0?\u00a0 La mobilit\u00e9 des articulations \u00e9volue en fonction de l\u2019\u00e2ge. Avec le temps, le tissu cartilagineux se fait de plus en plus mince et perd sa souplesse. Les premi\u00e8res manifestations apparaissent g\u00e9n\u00e9ralement au niveau des articulations porteuses : genoux, hanches,\u2026 Le dos, les mains et les coudes sont \u00e9galement des zones particuli\u00e8rement concern\u00e9es. Ce ph\u00e9nom\u00e8ne touche essentiellement les personnes de plus de 65 ans. La mobilit\u00e9 articulaire peut survenir plus t\u00f4t chez les sportifs et les personnes qui ont un travail physique particuli\u00e8rement exigeant ou r\u00e9p\u00e9titif. Des facteurs comme l\u2019h\u00e9r\u00e9dit\u00e9, le surpoids ou un accident ant\u00e9rieur (fractures, traumatismes\u2026) peuvent \u00e9galement intervenir. A un stade avanc\u00e9, les mouvements deviennent difficiles et inconfortables, des raideurs se produisent\u2026 Il peut devenir tr\u00e8s difficile de lacer ses chaussures, de marcher, de s\u2019habiller\u2026 [\/vc_column_text][mk_button dimension=\u00a0\u00bbflat\u00a0\u00bb size=\u00a0\u00bblarge\u00a0\u00bb icon=\u00a0\u00bbmk-icon-gears\u00a0\u00bb url=\u00a0\u00bb\/fr\/articulations\/comprendre-les-articulations\u00a0\u00bb bg_color=\u00a0\u00bb#e4032e\u00a0\u00bb btn_hover_bg=\u00a0\u00bbrgba(228,3,46,0.25)\u00a0\u00bb btn_hover_txt_color=\u00a0\u00bb#e4032e\u00a0\u00bb]Comprendre les articulations [\/mk_button][mk_button dimension=\u00a0\u00bbflat\u00a0\u00bb size=\u00a0\u00bblarge\u00a0\u00bb icon=\u00a0\u00bbmk-icon-thumbs-o-up\u00a0\u00bb url=\u00a0\u00bb\/fr\/articulations\/astuces\/\u00a0\u00bb bg_color=\u00a0\u00bb#e4032e\u00a0\u00bb btn_hover_bg=\u00a0\u00bbrgba(228,3,46,0.25)\u00a0\u00bb btn_hover_txt_color=\u00a0\u00bb#e4032e\u00a0\u00bb]Astuces[\/mk_button][\/vc_column_inner][\/vc_row_inner][\/vc_column][vc_column width=\u00a0\u00bb1\/3&Prime;][vc_message message_box_color=\u00a0\u00bbdanger\u00a0\u00bb] Que faire ? Le maintien en bonne sant\u00e9 des articulations n\u00e9cessite une approche multidirectionnelle pour un confort optimal et durable. \u00ab\u00a0Certaines plantes m\u00e9dicinales comme le curcuma peuvent \u00eatre utilis\u00e9es pour maintenir la souplesse articulaire.\u00a0\u00bb N\u2019h\u00e9sitez pas \u00e0 demander conseil \u00e0 votre m\u00e9decin ou votre pharmacien. [\/vc_message][vc_column_text css=\u00a0\u00bb.vc_custom_1616404424741{margin-bottom: 0px !important;}\u00a0\u00bb] [\/vc_column_text][\/vc_column][\/vc_row]<\/p>\n","protected":false},"author":1,"featured_media":0,"parent":0,"menu_order":0,"comment_status":"closed","ping_status":"closed","template":"","meta":{"footnotes":""},"class_list":["post-9","page","type-page","status-publish","hentry"],"aioseo_notices":[],"_links":{"self":[{"href":"https:\/\/flexofytol.be\/fr\/wp-json\/wp\/v2\/pages\/9","targetHints":{"allow":["GET"]}}],"collection":[{"href":"https:\/\/flexofytol.be\/fr\/wp-json\/wp\/v2\/pages"}],"about":[{"href":"https:\/\/flexofytol.be\/fr\/wp-json\/wp\/v2\/types\/page"}],"author":[{"embeddable":true,"href":"https:\/\/flexofytol.be\/fr\/wp-json\/wp\/v2\/users\/1"}],"replies":[{"embeddable":true,"href":"https:\/\/flexofytol.be\/fr\/wp-json\/wp\/v2\/comments?post=9"}],"version-history":[{"count":0,"href":"https:\/\/flexofytol.be\/fr\/wp-json\/wp\/v2\/pages\/9\/revisions"}],"wp:attachment":[{"href":"https:\/\/flexofytol.be\/fr\/wp-json\/wp\/v2\/media?parent=9"}],"curies":[{"name":"wp","href":"https:\/\/api.w.org\/{rel}","templated":true}]}}