{"id":8118,"date":"2024-09-12T08:54:41","date_gmt":"2024-09-12T06:54:41","guid":{"rendered":"https:\/\/flexofytol.be\/curcuma-boswellia\/boswellia-serrata\/"},"modified":"2024-09-12T10:21:55","modified_gmt":"2024-09-12T08:21:55","slug":"boswellia-serrata","status":"publish","type":"page","link":"https:\/\/flexofytol.be\/fr\/curcuma-boswellia\/boswellia-serrata\/","title":{"rendered":"Le Boswellia serrata"},"content":{"rendered":"\t\t<div data-elementor-type=\"wp-page\" data-elementor-id=\"8118\" class=\"elementor elementor-8118 elementor-8096\" data-elementor-post-type=\"page\">\n\t\t\t\t\t\t<section class=\"elementor-section elementor-top-section elementor-element elementor-element-ceaaa24 elementor-section-stretched elementor-section-boxed elementor-section-height-default elementor-section-height-default wpr-particle-no wpr-jarallax-no wpr-parallax-no wpr-sticky-section-no wpr-equal-height-no\" data-id=\"ceaaa24\" data-element_type=\"section\" data-e-type=\"section\" data-settings=\"{&quot;stretch_section&quot;:&quot;section-stretched&quot;,&quot;background_background&quot;:&quot;gradient&quot;}\">\n\t\t\t\t\t\t<div class=\"elementor-container elementor-column-gap-default\">\n\t\t\t\t\t<div class=\"elementor-column elementor-col-100 elementor-top-column elementor-element elementor-element-6b7ff00\" data-id=\"6b7ff00\" data-element_type=\"column\" data-e-type=\"column\" data-settings=\"{&quot;background_background&quot;:&quot;gradient&quot;}\">\n\t\t\t<div class=\"elementor-widget-wrap elementor-element-populated\">\n\t\t\t\t\t\t<div class=\"elementor-element elementor-element-228b7d0 elementor-headline--style-rotate elementor-widget elementor-widget-animated-headline\" data-id=\"228b7d0\" data-element_type=\"widget\" data-e-type=\"widget\" data-settings=\"{&quot;headline_style&quot;:&quot;rotate&quot;,&quot;animation_type&quot;:&quot;slide&quot;,&quot;rotating_text&quot;:&quot;Le Boswellia serrata&quot;,&quot;loop&quot;:&quot;yes&quot;,&quot;rotate_iteration_delay&quot;:2500}\" data-widget_type=\"animated-headline.default\">\n\t\t\t\t<div class=\"elementor-widget-container\">\n\t\t\t\t\t\t\t<h1 class=\"elementor-headline elementor-headline-animation-type-slide\">\n\t\t\t\t<span class=\"elementor-headline-dynamic-wrapper elementor-headline-text-wrapper\">\n\t\t\t\t\t<span class=\"elementor-headline-dynamic-text elementor-headline-text-active\">\n\t\t\t\tLe&nbsp;Boswellia&nbsp;serrata\t\t\t<\/span>\n\t\t\t\t\t\t<\/span>\n\t\t\t\t<\/h1>\n\t\t\t\t\t\t<\/div>\n\t\t\t\t<\/div>\n\t\t\t\t\t<\/div>\n\t\t<\/div>\n\t\t\t\t\t<\/div>\n\t\t<\/section>\n\t\t\t\t<section class=\"elementor-section elementor-top-section elementor-element elementor-element-2384ad7 elementor-section-boxed elementor-section-height-default elementor-section-height-default wpr-particle-no wpr-jarallax-no wpr-parallax-no wpr-sticky-section-no wpr-equal-height-no\" data-id=\"2384ad7\" data-element_type=\"section\" data-e-type=\"section\">\n\t\t\t\t\t\t<div class=\"elementor-container elementor-column-gap-default\">\n\t\t\t\t\t<div class=\"elementor-column elementor-col-100 elementor-top-column elementor-element elementor-element-8f84ed2\" data-id=\"8f84ed2\" data-element_type=\"column\" data-e-type=\"column\">\n\t\t\t<div class=\"elementor-widget-wrap elementor-element-populated\">\n\t\t\t\t\t\t<div class=\"elementor-element elementor-element-45fe91d elementor-widget elementor-widget-heading\" data-id=\"45fe91d\" data-element_type=\"widget\" data-e-type=\"widget\" data-widget_type=\"heading.default\">\n\t\t\t\t<div class=\"elementor-widget-container\">\n\t\t\t\t\t<h3 class=\"elementor-heading-title elementor-size-default\">Le Boswellia serrata, la <b>plante id\u00e9ale<\/b> <br \/>pour <b>compl\u00e9ter l'action du curcuma<\/b><\/h3>\t\t\t\t<\/div>\n\t\t\t\t<\/div>\n\t\t\t\t<div class=\"elementor-element elementor-element-58eb19d elementor-widget elementor-widget-text-editor\" data-id=\"58eb19d\" data-element_type=\"widget\" data-e-type=\"widget\" data-widget_type=\"text-editor.default\">\n\t\t\t\t<div class=\"elementor-widget-container\">\n\t\t\t\t\t\t\t\t\t<p>Le Boswellia serrata est un arbre originaire du Moyen-Orient et d\u2019Afrique. Sa r\u00e9sine de couleur orange-brune est utilis\u00e9e en Inde, en Chine et en Afrique du Nord depuis des mill\u00e9naires pour ses bienfaits sur la sant\u00e9.<\/p><p>C\u2019est en effet dans la r\u00e9sine du Boswellia serrata que r\u00e9side les substances qui aident \u00e0\u00a0<strong>maintenir<\/strong>\u00a0<strong>la souplesse des articulations<\/strong>. Ces substances sont appel\u00e9es \u00ab\u00a0acides boswelliques\u00a0\u00bb et sont au nombre de 12.<\/p>\t\t\t\t\t\t\t\t<\/div>\n\t\t\t\t<\/div>\n\t\t\t\t\t<\/div>\n\t\t<\/div>\n\t\t\t\t\t<\/div>\n\t\t<\/section>\n\t\t\t\t<section class=\"elementor-section elementor-top-section elementor-element elementor-element-eee3f99 elementor-section-boxed elementor-section-height-default elementor-section-height-default wpr-particle-no wpr-jarallax-no wpr-parallax-no wpr-sticky-section-no wpr-equal-height-no\" data-id=\"eee3f99\" data-element_type=\"section\" data-e-type=\"section\">\n\t\t\t\t\t\t<div class=\"elementor-container elementor-column-gap-default\">\n\t\t\t\t\t<div class=\"elementor-column elementor-col-50 elementor-top-column elementor-element elementor-element-60997da\" data-id=\"60997da\" data-element_type=\"column\" data-e-type=\"column\">\n\t\t\t<div class=\"elementor-widget-wrap elementor-element-populated\">\n\t\t\t\t\t\t<div class=\"elementor-element elementor-element-d84ab82 elementor-widget elementor-widget-image\" data-id=\"d84ab82\" data-element_type=\"widget\" data-e-type=\"widget\" data-widget_type=\"image.default\">\n\t\t\t\t<div class=\"elementor-widget-container\">\n\t\t\t\t\t\t\t\t\t\t\t\t\t\t\t<img fetchpriority=\"high\" decoding=\"async\" width=\"1500\" height=\"993\" src=\"https:\/\/flexofytol.be\/wp-content\/uploads\/2018\/07\/FLEXOFYTOL_BE_boswellia.png\" class=\"attachment-full size-full wp-image-759\" alt=\"\" srcset=\"https:\/\/flexofytol.be\/wp-content\/uploads\/2018\/07\/FLEXOFYTOL_BE_boswellia.png 1500w, https:\/\/flexofytol.be\/wp-content\/uploads\/2018\/07\/FLEXOFYTOL_BE_boswellia-768x508.png 768w\" sizes=\"(max-width: 1500px) 100vw, 1500px\" \/>\t\t\t\t\t\t\t\t\t\t\t\t\t\t\t<\/div>\n\t\t\t\t<\/div>\n\t\t\t\t\t<\/div>\n\t\t<\/div>\n\t\t\t\t<div class=\"elementor-column elementor-col-50 elementor-top-column elementor-element elementor-element-aef04cb\" data-id=\"aef04cb\" data-element_type=\"column\" data-e-type=\"column\">\n\t\t\t<div class=\"elementor-widget-wrap elementor-element-populated\">\n\t\t\t\t\t\t<div class=\"elementor-element elementor-element-180fc8e elementor-headline--style-highlight elementor-widget elementor-widget-animated-headline\" data-id=\"180fc8e\" data-element_type=\"widget\" data-e-type=\"widget\" data-settings=\"{&quot;highlighted_text&quot;:&quot;\\u00c9TUDI\\u00c9E SCIENTIFIQUEMENT&quot;,&quot;marker&quot;:&quot;underline_zigzag&quot;,&quot;headline_style&quot;:&quot;highlight&quot;,&quot;loop&quot;:&quot;yes&quot;,&quot;highlight_animation_duration&quot;:1200,&quot;highlight_iteration_delay&quot;:8000}\" data-widget_type=\"animated-headline.default\">\n\t\t\t\t<div class=\"elementor-widget-container\">\n\t\t\t\t\t\t\t<h2 class=\"elementor-headline\">\n\t\t\t\t\t<span class=\"elementor-headline-plain-text elementor-headline-text-wrapper\">UNE PLANTE<\/span>\n\t\t\t\t<span class=\"elementor-headline-dynamic-wrapper elementor-headline-text-wrapper\">\n\t\t\t\t\t<span class=\"elementor-headline-dynamic-text elementor-headline-text-active\">\u00c9TUDI\u00c9E SCIENTIFIQUEMENT<\/span>\n\t\t\t\t<\/span>\n\t\t\t\t<\/h2>\n\t\t\t\t\t\t<\/div>\n\t\t\t\t<\/div>\n\t\t\t\t<div class=\"elementor-element elementor-element-0493929 elementor-widget elementor-widget-text-editor\" data-id=\"0493929\" data-element_type=\"widget\" data-e-type=\"widget\" data-widget_type=\"text-editor.default\">\n\t\t\t\t<div class=\"elementor-widget-container\">\n\t\t\t\t\t\t\t\t\t<p>Le Boswellia serrata est la 2<sup>\u00e8me<\/sup>\u00a0plante la plus \u00e9tudi\u00e9e scientifiquement apr\u00e8s le\u00a0<a href=\"https:\/\/flexofytol.be\/curcuma\/\"><strong>curcuma<\/strong><\/a>\u00a0dans la sph\u00e8re articulaire.<\/p><p>L\u2019int\u00e9r\u00eat de son utilisation ainsi que sa s\u00e9curit\u00e9 ont \u00e9t\u00e9 \u00e9tudi\u00e9es : le Boswellia est s\u00fbr d\u2019usage et peut \u00eatre pris en toute confiance. Cependant son utilisation est d\u00e9conseill\u00e9e aux femmes enceintes ou allaitantes.<\/p>\t\t\t\t\t\t\t\t<\/div>\n\t\t\t\t<\/div>\n\t\t\t\t<div class=\"elementor-element elementor-element-c222422 elementor-widget-divider--view-line elementor-widget elementor-widget-divider\" data-id=\"c222422\" data-element_type=\"widget\" data-e-type=\"widget\" data-widget_type=\"divider.default\">\n\t\t\t\t<div class=\"elementor-widget-container\">\n\t\t\t\t\t\t\t<div class=\"elementor-divider\">\n\t\t\t<span class=\"elementor-divider-separator\">\n\t\t\t\t\t\t<\/span>\n\t\t<\/div>\n\t\t\t\t\t\t<\/div>\n\t\t\t\t<\/div>\n\t\t\t\t<div class=\"elementor-element elementor-element-b13a0e7 elementor-headline--style-highlight elementor-widget elementor-widget-animated-headline\" data-id=\"b13a0e7\" data-element_type=\"widget\" data-e-type=\"widget\" data-settings=\"{&quot;highlighted_text&quot;:&quot;NE SE VALENT PAS\\u2026&quot;,&quot;marker&quot;:&quot;underline_zigzag&quot;,&quot;headline_style&quot;:&quot;highlight&quot;,&quot;loop&quot;:&quot;yes&quot;,&quot;highlight_animation_duration&quot;:1200,&quot;highlight_iteration_delay&quot;:8000}\" data-widget_type=\"animated-headline.default\">\n\t\t\t\t<div class=\"elementor-widget-container\">\n\t\t\t\t\t\t\t<h2 class=\"elementor-headline\">\n\t\t\t\t\t<span class=\"elementor-headline-plain-text elementor-headline-text-wrapper\">TOUS LES BOSWELLIA<\/span>\n\t\t\t\t<span class=\"elementor-headline-dynamic-wrapper elementor-headline-text-wrapper\">\n\t\t\t\t\t<span class=\"elementor-headline-dynamic-text elementor-headline-text-active\">NE SE VALENT PAS\u2026<\/span>\n\t\t\t\t<\/span>\n\t\t\t\t<\/h2>\n\t\t\t\t\t\t<\/div>\n\t\t\t\t<\/div>\n\t\t\t\t<div class=\"elementor-element elementor-element-ee2fd86 elementor-widget elementor-widget-text-editor\" data-id=\"ee2fd86\" data-element_type=\"widget\" data-e-type=\"widget\" data-widget_type=\"text-editor.default\">\n\t\t\t\t<div class=\"elementor-widget-container\">\n\t\t\t\t\t\t\t\t\t<p>Il existe plusieurs esp\u00e8ces de Boswellia\u00a0: Boswellia Serrata, Boswellia carterii, Boswellia frereana,\u2026<\/p><p>Les bienfaits articulaires du Boswellia ne peuvent \u00eatre attribu\u00e9s qu\u2019\u00e0 l\u2019esp\u00e8ce Serrata.<\/p><p>L\u2019encens est par exemple fabriqu\u00e9 \u00e0 base de la r\u00e9sine de Boswellia sacra.<\/p>\t\t\t\t\t\t\t\t<\/div>\n\t\t\t\t<\/div>\n\t\t\t\t\t<\/div>\n\t\t<\/div>\n\t\t\t\t\t<\/div>\n\t\t<\/section>\n\t\t\t\t<section class=\"elementor-section elementor-top-section elementor-element elementor-element-f89c0d4 elementor-section-boxed elementor-section-height-default elementor-section-height-default wpr-particle-no wpr-jarallax-no wpr-parallax-no wpr-sticky-section-no wpr-equal-height-no\" data-id=\"f89c0d4\" data-element_type=\"section\" data-e-type=\"section\">\n\t\t\t\t\t\t<div class=\"elementor-container elementor-column-gap-default\">\n\t\t\t\t\t<div class=\"elementor-column elementor-col-50 elementor-top-column elementor-element elementor-element-b46618a\" data-id=\"b46618a\" data-element_type=\"column\" data-e-type=\"column\" data-settings=\"{&quot;background_background&quot;:&quot;classic&quot;}\">\n\t\t\t<div class=\"elementor-widget-wrap elementor-element-populated\">\n\t\t\t\t\t\t<div class=\"elementor-element elementor-element-fc63b90 elementor-position-inline-start elementor-view-default elementor-mobile-position-block-start elementor-widget elementor-widget-icon-box\" data-id=\"fc63b90\" data-element_type=\"widget\" data-e-type=\"widget\" data-widget_type=\"icon-box.default\">\n\t\t\t\t<div class=\"elementor-widget-container\">\n\t\t\t\t\t\t\t<div class=\"elementor-icon-box-wrapper\">\n\n\t\t\t\t\t\t<div class=\"elementor-icon-box-icon\">\n\t\t\t\t<span  class=\"elementor-icon\">\n\t\t\t\t<svg aria-hidden=\"true\" class=\"e-font-icon-svg e-fas-question\" viewBox=\"0 0 384 512\" xmlns=\"http:\/\/www.w3.org\/2000\/svg\"><path d=\"M202.021 0C122.202 0 70.503 32.703 29.914 91.026c-7.363 10.58-5.093 25.086 5.178 32.874l43.138 32.709c10.373 7.865 25.132 6.026 33.253-4.148 25.049-31.381 43.63-49.449 82.757-49.449 30.764 0 68.816 19.799 68.816 49.631 0 22.552-18.617 34.134-48.993 51.164-35.423 19.86-82.299 44.576-82.299 106.405V320c0 13.255 10.745 24 24 24h72.471c13.255 0 24-10.745 24-24v-5.773c0-42.86 125.268-44.645 125.268-160.627C377.504 66.256 286.902 0 202.021 0zM192 373.459c-38.196 0-69.271 31.075-69.271 69.271 0 38.195 31.075 69.27 69.271 69.27s69.271-31.075 69.271-69.271-31.075-69.27-69.271-69.27z\"><\/path><\/svg>\t\t\t\t<\/span>\n\t\t\t<\/div>\n\t\t\t\n\t\t\t\t\t\t<div class=\"elementor-icon-box-content\">\n\n\t\t\t\t\t\t\t\t\t<h3 class=\"elementor-icon-box-title\">\n\t\t\t\t\t\t<span  >\n\t\t\t\t\t\t\tLe saviez-vous ?\t\t\t\t\t\t<\/span>\n\t\t\t\t\t<\/h3>\n\t\t\t\t\n\t\t\t\t\t\t\t\t\t<p class=\"elementor-icon-box-description\">\n\t\t\t\t\t\tAfin de vous offrir le meilleur, nous utilisons <b>des extraits de plantes aux qualit\u00e9s uniques<\/b> et aux origines contr\u00f4l\u00e9es par les experts du Laboratoire Tilman. Nos extraits de plantes sont s\u00e9lectionn\u00e9s rigoureusement et analys\u00e9s avant et apr\u00e8s la production de nos produits.\t\t\t\t\t<\/p>\n\t\t\t\t\n\t\t\t<\/div>\n\t\t\t\n\t\t<\/div>\n\t\t\t\t\t\t<\/div>\n\t\t\t\t<\/div>\n\t\t\t\t\t<\/div>\n\t\t<\/div>\n\t\t\t\t<div class=\"elementor-column elementor-col-50 elementor-top-column elementor-element elementor-element-d62db0c\" data-id=\"d62db0c\" data-element_type=\"column\" data-e-type=\"column\">\n\t\t\t<div class=\"elementor-widget-wrap elementor-element-populated\">\n\t\t\t\t\t\t<div class=\"elementor-element elementor-element-77c6b37 elementor-widget__width-initial elementor-widget elementor-widget-image\" data-id=\"77c6b37\" data-element_type=\"widget\" data-e-type=\"widget\" data-widget_type=\"image.default\">\n\t\t\t\t<div class=\"elementor-widget-container\">\n\t\t\t\t\t\t\t\t\t\t\t\t\t\t\t<img decoding=\"async\" width=\"600\" height=\"600\" src=\"https:\/\/flexofytol.be\/wp-content\/uploads\/2024\/09\/curcuma-rond.png\" class=\"attachment-full size-full wp-image-8102\" alt=\"\" srcset=\"https:\/\/flexofytol.be\/wp-content\/uploads\/2024\/09\/curcuma-rond.png 600w, https:\/\/flexofytol.be\/wp-content\/uploads\/2024\/09\/curcuma-rond-300x300.png 300w, https:\/\/flexofytol.be\/wp-content\/uploads\/2024\/09\/curcuma-rond-150x150.png 150w\" sizes=\"(max-width: 600px) 100vw, 600px\" \/>\t\t\t\t\t\t\t\t\t\t\t\t\t\t\t<\/div>\n\t\t\t\t<\/div>\n\t\t\t\t<div class=\"elementor-element elementor-element-7a9527e elementor-widget__width-initial elementor-widget elementor-widget-button\" data-id=\"7a9527e\" data-element_type=\"widget\" data-e-type=\"widget\" data-widget_type=\"button.default\">\n\t\t\t\t<div class=\"elementor-widget-container\">\n\t\t\t\t\t\t\t\t\t<div class=\"elementor-button-wrapper\">\n\t\t\t\t\t<a class=\"elementor-button elementor-button-link elementor-size-sm\" href=\"\/fr\/curcuma-boswellia\/curcuma\/\" target=\"_blank\">\n\t\t\t\t\t\t<span class=\"elementor-button-content-wrapper\">\n\t\t\t\t\t\t<span class=\"elementor-button-icon\">\n\t\t\t\t<svg aria-hidden=\"true\" class=\"e-font-icon-svg e-fas-plus-circle\" viewBox=\"0 0 512 512\" xmlns=\"http:\/\/www.w3.org\/2000\/svg\"><path d=\"M256 8C119 8 8 119 8 256s111 248 248 248 248-111 248-248S393 8 256 8zm144 276c0 6.6-5.4 12-12 12h-92v92c0 6.6-5.4 12-12 12h-56c-6.6 0-12-5.4-12-12v-92h-92c-6.6 0-12-5.4-12-12v-56c0-6.6 5.4-12 12-12h92v-92c0-6.6 5.4-12 12-12h56c6.6 0 12 5.4 12 12v92h92c6.6 0 12 5.4 12 12v56z\"><\/path><\/svg>\t\t\t<\/span>\n\t\t\t\t\t\t\t\t\t<span class=\"elementor-button-text\">Et le Curcuma alors ?<\/span>\n\t\t\t\t\t<\/span>\n\t\t\t\t\t<\/a>\n\t\t\t\t<\/div>\n\t\t\t\t\t\t\t\t<\/div>\n\t\t\t\t<\/div>\n\t\t\t\t\t<\/div>\n\t\t<\/div>\n\t\t\t\t\t<\/div>\n\t\t<\/section>\n\t\t\t\t<section class=\"elementor-section elementor-top-section elementor-element elementor-element-a4bc829 elementor-section-stretched elementor-section-boxed elementor-section-height-default elementor-section-height-default wpr-particle-no wpr-jarallax-no wpr-parallax-no wpr-sticky-section-no wpr-equal-height-no\" data-id=\"a4bc829\" data-element_type=\"section\" data-e-type=\"section\" data-settings=\"{&quot;stretch_section&quot;:&quot;section-stretched&quot;,&quot;background_background&quot;:&quot;classic&quot;}\">\n\t\t\t\t\t\t<div class=\"elementor-container elementor-column-gap-default\">\n\t\t\t\t\t<div class=\"elementor-column elementor-col-100 elementor-top-column elementor-element elementor-element-8484d50\" data-id=\"8484d50\" data-element_type=\"column\" data-e-type=\"column\">\n\t\t\t<div class=\"elementor-widget-wrap elementor-element-populated\">\n\t\t\t\t\t\t<div class=\"elementor-element elementor-element-283acb3 elementor-headline--style-highlight elementor-widget elementor-widget-animated-headline\" data-id=\"283acb3\" data-element_type=\"widget\" data-e-type=\"widget\" data-settings=\"{&quot;highlighted_text&quot;:&quot;BOSWELLIA SERRATA&quot;,&quot;marker&quot;:&quot;underline_zigzag&quot;,&quot;headline_style&quot;:&quot;highlight&quot;,&quot;loop&quot;:&quot;yes&quot;,&quot;highlight_animation_duration&quot;:1200,&quot;highlight_iteration_delay&quot;:8000}\" data-widget_type=\"animated-headline.default\">\n\t\t\t\t<div class=\"elementor-widget-container\">\n\t\t\t\t\t\t\t<h2 class=\"elementor-headline\">\n\t\t\t\t\t<span class=\"elementor-headline-plain-text elementor-headline-text-wrapper\">DANS QUELS PRODUITS TROUVER DU <\/span>\n\t\t\t\t<span class=\"elementor-headline-dynamic-wrapper elementor-headline-text-wrapper\">\n\t\t\t\t\t<span class=\"elementor-headline-dynamic-text elementor-headline-text-active\">BOSWELLIA SERRATA<\/span>\n\t\t\t\t<\/span>\n\t\t\t\t\t<span class=\"elementor-headline-plain-text elementor-headline-text-wrapper\">?<\/span>\n\t\t\t\t\t<\/h2>\n\t\t\t\t\t\t<\/div>\n\t\t\t\t<\/div>\n\t\t\t\t<div class=\"elementor-element elementor-element-cc66587 elementor-align-left elementor-widget__width-inherit elementor-widget elementor-widget-button\" data-id=\"cc66587\" data-element_type=\"widget\" data-e-type=\"widget\" data-widget_type=\"button.default\">\n\t\t\t\t<div class=\"elementor-widget-container\">\n\t\t\t\t\t\t\t\t\t<div class=\"elementor-button-wrapper\">\n\t\t\t\t\t<a class=\"elementor-button elementor-button-link elementor-size-sm\" href=\"\/fr\/gamme\/\">\n\t\t\t\t\t\t<span class=\"elementor-button-content-wrapper\">\n\t\t\t\t\t\t<span class=\"elementor-button-icon\">\n\t\t\t\t<svg aria-hidden=\"true\" class=\"e-font-icon-svg e-fas-angle-right\" viewBox=\"0 0 256 512\" xmlns=\"http:\/\/www.w3.org\/2000\/svg\"><path d=\"M224.3 273l-136 136c-9.4 9.4-24.6 9.4-33.9 0l-22.6-22.6c-9.4-9.4-9.4-24.6 0-33.9l96.4-96.4-96.4-96.4c-9.4-9.4-9.4-24.6 0-33.9L54.3 103c9.4-9.4 24.6-9.4 33.9 0l136 136c9.5 9.4 9.5 24.6.1 34z\"><\/path><\/svg>\t\t\t<\/span>\n\t\t\t\t\t\t\t\t\t<span class=\"elementor-button-text\">D\u00e9couvrez nos solutions \u00e0 base de Boswellia serrata<\/span>\n\t\t\t\t\t<\/span>\n\t\t\t\t\t<\/a>\n\t\t\t\t<\/div>\n\t\t\t\t\t\t\t\t<\/div>\n\t\t\t\t<\/div>\n\t\t\t\t\t<\/div>\n\t\t<\/div>\n\t\t\t\t\t<\/div>\n\t\t<\/section>\n\t\t\t\t<\/div>\n\t\t","protected":false},"excerpt":{"rendered":"<p>Le&nbsp;Boswellia&nbsp;serrata Le Boswellia serrata, la plante id\u00e9ale pour compl\u00e9ter l&rsquo;action du curcuma Le Boswellia serrata est un arbre originaire du Moyen-Orient et d\u2019Afrique. Sa r\u00e9sine de couleur orange-brune est utilis\u00e9e en Inde, en Chine et en Afrique du Nord depuis des mill\u00e9naires pour ses bienfaits sur la sant\u00e9. C\u2019est en effet dans la r\u00e9sine du Boswellia serrata que r\u00e9side les substances qui aident \u00e0\u00a0maintenir\u00a0la souplesse des articulations. Ces substances sont appel\u00e9es \u00ab\u00a0acides boswelliques\u00a0\u00bb et sont au nombre de 12. UNE PLANTE \u00c9TUDI\u00c9E SCIENTIFIQUEMENT Le Boswellia serrata est la 2\u00e8me\u00a0plante la plus \u00e9tudi\u00e9e scientifiquement apr\u00e8s le\u00a0curcuma\u00a0dans la sph\u00e8re articulaire. L\u2019int\u00e9r\u00eat de son utilisation ainsi que sa s\u00e9curit\u00e9 ont \u00e9t\u00e9 \u00e9tudi\u00e9es : le Boswellia est s\u00fbr d\u2019usage et peut \u00eatre pris en toute confiance. Cependant son utilisation est d\u00e9conseill\u00e9e aux femmes enceintes ou allaitantes. TOUS LES BOSWELLIA NE SE VALENT PAS\u2026 Il existe plusieurs esp\u00e8ces de Boswellia\u00a0: Boswellia Serrata, Boswellia carterii, Boswellia frereana,\u2026 Les bienfaits articulaires du Boswellia ne peuvent \u00eatre attribu\u00e9s qu\u2019\u00e0 l\u2019esp\u00e8ce Serrata. L\u2019encens est par exemple fabriqu\u00e9 \u00e0 base de la r\u00e9sine de Boswellia sacra. Le saviez-vous ? Afin de vous offrir le meilleur, nous utilisons des extraits de plantes aux qualit\u00e9s uniques et aux origines contr\u00f4l\u00e9es par les experts du Laboratoire Tilman. Nos extraits de plantes sont s\u00e9lectionn\u00e9s rigoureusement et analys\u00e9s avant et apr\u00e8s la production de nos produits. Et le Curcuma alors ? DANS QUELS PRODUITS TROUVER DU BOSWELLIA SERRATA ? D\u00e9couvrez nos solutions \u00e0 base de Boswellia serrata<\/p>\n","protected":false},"author":1,"featured_media":0,"parent":8108,"menu_order":0,"comment_status":"closed","ping_status":"closed","template":"","meta":{"footnotes":""},"class_list":["post-8118","page","type-page","status-publish","hentry"],"aioseo_notices":[],"_links":{"self":[{"href":"https:\/\/flexofytol.be\/fr\/wp-json\/wp\/v2\/pages\/8118","targetHints":{"allow":["GET"]}}],"collection":[{"href":"https:\/\/flexofytol.be\/fr\/wp-json\/wp\/v2\/pages"}],"about":[{"href":"https:\/\/flexofytol.be\/fr\/wp-json\/wp\/v2\/types\/page"}],"author":[{"embeddable":true,"href":"https:\/\/flexofytol.be\/fr\/wp-json\/wp\/v2\/users\/1"}],"replies":[{"embeddable":true,"href":"https:\/\/flexofytol.be\/fr\/wp-json\/wp\/v2\/comments?post=8118"}],"version-history":[{"count":10,"href":"https:\/\/flexofytol.be\/fr\/wp-json\/wp\/v2\/pages\/8118\/revisions"}],"predecessor-version":[{"id":8220,"href":"https:\/\/flexofytol.be\/fr\/wp-json\/wp\/v2\/pages\/8118\/revisions\/8220"}],"up":[{"embeddable":true,"href":"https:\/\/flexofytol.be\/fr\/wp-json\/wp\/v2\/pages\/8108"}],"wp:attachment":[{"href":"https:\/\/flexofytol.be\/fr\/wp-json\/wp\/v2\/media?parent=8118"}],"curies":[{"name":"wp","href":"https:\/\/api.w.org\/{rel}","templated":true}]}}