{"id":8115,"date":"2024-08-30T11:48:01","date_gmt":"2024-08-30T09:48:01","guid":{"rendered":"https:\/\/flexofytol.be\/curcuma-boswellia\/curcuma\/"},"modified":"2024-09-12T10:21:02","modified_gmt":"2024-09-12T08:21:02","slug":"curcuma","status":"publish","type":"page","link":"https:\/\/flexofytol.be\/fr\/curcuma-boswellia\/curcuma\/","title":{"rendered":"Le Curcuma"},"content":{"rendered":"\t\t<div data-elementor-type=\"wp-page\" data-elementor-id=\"8115\" class=\"elementor elementor-8115 elementor-8005\" data-elementor-post-type=\"page\">\n\t\t\t\t\t\t<section class=\"elementor-section elementor-top-section elementor-element elementor-element-ceaaa24 elementor-section-stretched elementor-section-boxed elementor-section-height-default elementor-section-height-default wpr-particle-no wpr-jarallax-no wpr-parallax-no wpr-sticky-section-no wpr-equal-height-no\" data-id=\"ceaaa24\" data-element_type=\"section\" data-e-type=\"section\" data-settings=\"{&quot;stretch_section&quot;:&quot;section-stretched&quot;,&quot;background_background&quot;:&quot;gradient&quot;}\">\n\t\t\t\t\t\t<div class=\"elementor-container elementor-column-gap-default\">\n\t\t\t\t\t<div class=\"elementor-column elementor-col-100 elementor-top-column elementor-element elementor-element-6b7ff00\" data-id=\"6b7ff00\" data-element_type=\"column\" data-e-type=\"column\" data-settings=\"{&quot;background_background&quot;:&quot;gradient&quot;}\">\n\t\t\t<div class=\"elementor-widget-wrap elementor-element-populated\">\n\t\t\t\t\t\t<div class=\"elementor-element elementor-element-228b7d0 elementor-headline--style-rotate elementor-widget elementor-widget-animated-headline\" data-id=\"228b7d0\" data-element_type=\"widget\" data-e-type=\"widget\" data-settings=\"{&quot;headline_style&quot;:&quot;rotate&quot;,&quot;animation_type&quot;:&quot;slide&quot;,&quot;rotating_text&quot;:&quot;Le curcuma&quot;,&quot;loop&quot;:&quot;yes&quot;,&quot;rotate_iteration_delay&quot;:2500}\" data-widget_type=\"animated-headline.default\">\n\t\t\t\t<div class=\"elementor-widget-container\">\n\t\t\t\t\t\t\t<h1 class=\"elementor-headline elementor-headline-animation-type-slide\">\n\t\t\t\t<span class=\"elementor-headline-dynamic-wrapper elementor-headline-text-wrapper\">\n\t\t\t\t\t<span class=\"elementor-headline-dynamic-text elementor-headline-text-active\">\n\t\t\t\tLe&nbsp;curcuma\t\t\t<\/span>\n\t\t\t\t\t\t<\/span>\n\t\t\t\t<\/h1>\n\t\t\t\t\t\t<\/div>\n\t\t\t\t<\/div>\n\t\t\t\t\t<\/div>\n\t\t<\/div>\n\t\t\t\t\t<\/div>\n\t\t<\/section>\n\t\t\t\t<section class=\"elementor-section elementor-top-section elementor-element elementor-element-2384ad7 elementor-section-boxed elementor-section-height-default elementor-section-height-default wpr-particle-no wpr-jarallax-no wpr-parallax-no wpr-sticky-section-no wpr-equal-height-no\" data-id=\"2384ad7\" data-element_type=\"section\" data-e-type=\"section\">\n\t\t\t\t\t\t<div class=\"elementor-container elementor-column-gap-default\">\n\t\t\t\t\t<div class=\"elementor-column elementor-col-100 elementor-top-column elementor-element elementor-element-8f84ed2\" data-id=\"8f84ed2\" data-element_type=\"column\" data-e-type=\"column\">\n\t\t\t<div class=\"elementor-widget-wrap elementor-element-populated\">\n\t\t\t\t\t\t<div class=\"elementor-element elementor-element-45fe91d elementor-widget elementor-widget-heading\" data-id=\"45fe91d\" data-element_type=\"widget\" data-e-type=\"widget\" data-widget_type=\"heading.default\">\n\t\t\t\t<div class=\"elementor-widget-container\">\n\t\t\t\t\t<h3 class=\"elementor-heading-title elementor-size-default\">Le curcuma, votre <b>nouvel alli\u00e9<\/b><br \/> pour des <b>articulations en forme<\/b><\/h3>\t\t\t\t<\/div>\n\t\t\t\t<\/div>\n\t\t\t\t<div class=\"elementor-element elementor-element-58eb19d elementor-widget elementor-widget-text-editor\" data-id=\"58eb19d\" data-element_type=\"widget\" data-e-type=\"widget\" data-widget_type=\"text-editor.default\">\n\t\t\t\t<div class=\"elementor-widget-container\">\n\t\t\t\t\t\t\t\t\t<p>Utilis\u00e9e depuis des si\u00e8cles en cuisine et en m\u00e9decine asiatique, la racine de curcuma est une \u00e9pice \u00e0 laquelle on attribue de nombreuses vertus dont une\u00a0<strong>action b\u00e9n\u00e9fique sur les articulations<\/strong>.<\/p><p>C\u2019est plus pr\u00e9cis\u00e9ment la curcumine, l\u2019un des principes actifs du curcuma, qui joue un r\u00f4le sur notre mobilit\u00e9. En tant que puissant antioxydant naturel,\u00a0<strong>la curcumine\u00a0<\/strong>agit sur l\u2019origine des sensibilit\u00e9s articulaires. Elle contribue d\u00e8s lors \u00e0\u00a0<strong>maintenir la souplesse des articulations, des muscles et des tendons<\/strong>.<\/p>\t\t\t\t\t\t\t\t<\/div>\n\t\t\t\t<\/div>\n\t\t\t\t\t<\/div>\n\t\t<\/div>\n\t\t\t\t\t<\/div>\n\t\t<\/section>\n\t\t\t\t<section class=\"elementor-section elementor-top-section elementor-element elementor-element-eee3f99 elementor-section-boxed elementor-section-height-default elementor-section-height-default wpr-particle-no wpr-jarallax-no wpr-parallax-no wpr-sticky-section-no wpr-equal-height-no\" data-id=\"eee3f99\" data-element_type=\"section\" data-e-type=\"section\">\n\t\t\t\t\t\t<div class=\"elementor-container elementor-column-gap-default\">\n\t\t\t\t\t<div class=\"elementor-column elementor-col-50 elementor-top-column elementor-element elementor-element-60997da\" data-id=\"60997da\" data-element_type=\"column\" data-e-type=\"column\">\n\t\t\t<div class=\"elementor-widget-wrap elementor-element-populated\">\n\t\t\t\t\t\t<div class=\"elementor-element elementor-element-d84ab82 elementor-widget elementor-widget-image\" data-id=\"d84ab82\" data-element_type=\"widget\" data-e-type=\"widget\" data-widget_type=\"image.default\">\n\t\t\t\t<div class=\"elementor-widget-container\">\n\t\t\t\t\t\t\t\t\t\t\t\t\t\t\t<img fetchpriority=\"high\" decoding=\"async\" width=\"2384\" height=\"1552\" src=\"https:\/\/flexofytol.be\/wp-content\/uploads\/2024\/09\/curcuma_site-flexofytol-jpg.webp\" class=\"attachment-full size-full wp-image-8182\" alt=\"\" \/>\t\t\t\t\t\t\t\t\t\t\t\t\t\t\t<\/div>\n\t\t\t\t<\/div>\n\t\t\t\t\t<\/div>\n\t\t<\/div>\n\t\t\t\t<div class=\"elementor-column elementor-col-50 elementor-top-column elementor-element elementor-element-aef04cb\" data-id=\"aef04cb\" data-element_type=\"column\" data-e-type=\"column\">\n\t\t\t<div class=\"elementor-widget-wrap elementor-element-populated\">\n\t\t\t\t\t\t<div class=\"elementor-element elementor-element-180fc8e elementor-headline--style-highlight elementor-widget elementor-widget-animated-headline\" data-id=\"180fc8e\" data-element_type=\"widget\" data-e-type=\"widget\" data-settings=\"{&quot;highlighted_text&quot;:&quot;S\\u00dbRE ET EFFICACE&quot;,&quot;marker&quot;:&quot;underline_zigzag&quot;,&quot;headline_style&quot;:&quot;highlight&quot;,&quot;loop&quot;:&quot;yes&quot;,&quot;highlight_animation_duration&quot;:1200,&quot;highlight_iteration_delay&quot;:8000}\" data-widget_type=\"animated-headline.default\">\n\t\t\t\t<div class=\"elementor-widget-container\">\n\t\t\t\t\t\t\t<h2 class=\"elementor-headline\">\n\t\t\t\t\t<span class=\"elementor-headline-plain-text elementor-headline-text-wrapper\">UNE ALTERNATIVE<\/span>\n\t\t\t\t<span class=\"elementor-headline-dynamic-wrapper elementor-headline-text-wrapper\">\n\t\t\t\t\t<span class=\"elementor-headline-dynamic-text elementor-headline-text-active\">S\u00dbRE ET EFFICACE<\/span>\n\t\t\t\t<\/span>\n\t\t\t\t<\/h2>\n\t\t\t\t\t\t<\/div>\n\t\t\t\t<\/div>\n\t\t\t\t<div class=\"elementor-element elementor-element-0493929 elementor-widget elementor-widget-text-editor\" data-id=\"0493929\" data-element_type=\"widget\" data-e-type=\"widget\" data-widget_type=\"text-editor.default\">\n\t\t\t\t<div class=\"elementor-widget-container\">\n\t\t\t\t\t\t\t\t\t<p>De nombreuses \u00e9tudes ont \u00e9t\u00e9 men\u00e9es sur la curcumine et confirment\u00a0<strong>l\u2019int\u00e9r\u00eat et la s\u00e9curit\u00e9\u00a0<\/strong>de cette alternative naturelle. Effectivement, il a \u00e9t\u00e9 d\u00e9montr\u00e9 que la curcumine provoque tr\u00e8s peu d\u2019effets\u00a0contraires et peut \u00eatre utilis\u00e9e pendant de longues p\u00e9riodes\u00a0<strong>avec une<\/strong>\u00a0<strong>tr\u00e8s bonne<\/strong>\u00a0<strong>tol\u00e9rance gastrique<\/strong>.<\/p>\t\t\t\t\t\t\t\t<\/div>\n\t\t\t\t<\/div>\n\t\t\t\t<div class=\"elementor-element elementor-element-c222422 elementor-widget-divider--view-line elementor-widget elementor-widget-divider\" data-id=\"c222422\" data-element_type=\"widget\" data-e-type=\"widget\" data-widget_type=\"divider.default\">\n\t\t\t\t<div class=\"elementor-widget-container\">\n\t\t\t\t\t\t\t<div class=\"elementor-divider\">\n\t\t\t<span class=\"elementor-divider-separator\">\n\t\t\t\t\t\t<\/span>\n\t\t<\/div>\n\t\t\t\t\t\t<\/div>\n\t\t\t\t<\/div>\n\t\t\t\t<div class=\"elementor-element elementor-element-b13a0e7 elementor-headline--style-highlight elementor-widget elementor-widget-animated-headline\" data-id=\"b13a0e7\" data-element_type=\"widget\" data-e-type=\"widget\" data-settings=\"{&quot;highlighted_text&quot;:&quot;N\\u2019IMPORTE QUELLE FORME !&quot;,&quot;marker&quot;:&quot;underline_zigzag&quot;,&quot;headline_style&quot;:&quot;highlight&quot;,&quot;loop&quot;:&quot;yes&quot;,&quot;highlight_animation_duration&quot;:1200,&quot;highlight_iteration_delay&quot;:8000}\" data-widget_type=\"animated-headline.default\">\n\t\t\t\t<div class=\"elementor-widget-container\">\n\t\t\t\t\t\t\t<h2 class=\"elementor-headline\">\n\t\t\t\t\t<span class=\"elementor-headline-plain-text elementor-headline-text-wrapper\">LE CURCUMA OUI, MAIS PAS SOUS<\/span>\n\t\t\t\t<span class=\"elementor-headline-dynamic-wrapper elementor-headline-text-wrapper\">\n\t\t\t\t\t<span class=\"elementor-headline-dynamic-text elementor-headline-text-active\">N\u2019IMPORTE QUELLE FORME !<\/span>\n\t\t\t\t<\/span>\n\t\t\t\t<\/h2>\n\t\t\t\t\t\t<\/div>\n\t\t\t\t<\/div>\n\t\t\t\t<div class=\"elementor-element elementor-element-ee2fd86 elementor-widget elementor-widget-text-editor\" data-id=\"ee2fd86\" data-element_type=\"widget\" data-e-type=\"widget\" data-widget_type=\"text-editor.default\">\n\t\t\t\t<div class=\"elementor-widget-container\">\n\t\t\t\t\t\t\t\t\t<p><strong>Glisser de la poudre de curcuma dans vos plats ne suffit pas pour profiter des bienfaits<\/strong>\u00a0de cette \u00e9pice mill\u00e9naire : il est n\u00e9cessaire de favoriser une formulation exclusive et \u00e9tudi\u00e9e scientifiquement pour garantir un effet optimal.<\/p>\t\t\t\t\t\t\t\t<\/div>\n\t\t\t\t<\/div>\n\t\t\t\t\t<\/div>\n\t\t<\/div>\n\t\t\t\t\t<\/div>\n\t\t<\/section>\n\t\t\t\t<section class=\"elementor-section elementor-top-section elementor-element elementor-element-f89c0d4 elementor-section-boxed elementor-section-height-default elementor-section-height-default wpr-particle-no wpr-jarallax-no wpr-parallax-no wpr-sticky-section-no wpr-equal-height-no\" data-id=\"f89c0d4\" data-element_type=\"section\" data-e-type=\"section\">\n\t\t\t\t\t\t<div class=\"elementor-container elementor-column-gap-default\">\n\t\t\t\t\t<div class=\"elementor-column elementor-col-50 elementor-top-column elementor-element elementor-element-b46618a\" data-id=\"b46618a\" data-element_type=\"column\" data-e-type=\"column\" data-settings=\"{&quot;background_background&quot;:&quot;classic&quot;}\">\n\t\t\t<div class=\"elementor-widget-wrap elementor-element-populated\">\n\t\t\t\t\t\t<div class=\"elementor-element elementor-element-fc63b90 elementor-position-inline-start elementor-view-default elementor-mobile-position-block-start elementor-widget elementor-widget-icon-box\" data-id=\"fc63b90\" data-element_type=\"widget\" data-e-type=\"widget\" data-widget_type=\"icon-box.default\">\n\t\t\t\t<div class=\"elementor-widget-container\">\n\t\t\t\t\t\t\t<div class=\"elementor-icon-box-wrapper\">\n\n\t\t\t\t\t\t<div class=\"elementor-icon-box-icon\">\n\t\t\t\t<span  class=\"elementor-icon\">\n\t\t\t\t<svg aria-hidden=\"true\" class=\"e-font-icon-svg e-fas-question\" viewBox=\"0 0 384 512\" xmlns=\"http:\/\/www.w3.org\/2000\/svg\"><path d=\"M202.021 0C122.202 0 70.503 32.703 29.914 91.026c-7.363 10.58-5.093 25.086 5.178 32.874l43.138 32.709c10.373 7.865 25.132 6.026 33.253-4.148 25.049-31.381 43.63-49.449 82.757-49.449 30.764 0 68.816 19.799 68.816 49.631 0 22.552-18.617 34.134-48.993 51.164-35.423 19.86-82.299 44.576-82.299 106.405V320c0 13.255 10.745 24 24 24h72.471c13.255 0 24-10.745 24-24v-5.773c0-42.86 125.268-44.645 125.268-160.627C377.504 66.256 286.902 0 202.021 0zM192 373.459c-38.196 0-69.271 31.075-69.271 69.271 0 38.195 31.075 69.27 69.271 69.27s69.271-31.075 69.271-69.271-31.075-69.27-69.271-69.27z\"><\/path><\/svg>\t\t\t\t<\/span>\n\t\t\t<\/div>\n\t\t\t\n\t\t\t\t\t\t<div class=\"elementor-icon-box-content\">\n\n\t\t\t\t\t\t\t\t\t<h3 class=\"elementor-icon-box-title\">\n\t\t\t\t\t\t<span  >\n\t\t\t\t\t\t\tLe saviez-vous ?\t\t\t\t\t\t<\/span>\n\t\t\t\t\t<\/h3>\n\t\t\t\t\n\t\t\t\t\t\t\t\t\t<p class=\"elementor-icon-box-description\">\n\t\t\t\t\t\tAfin de vous offrir le meilleur, nous utilisons <b>des extraits de plantes aux qualit\u00e9s uniques<\/b> et aux origines contr\u00f4l\u00e9es par les experts du Laboratoire Tilman. Nos extraits de plantes sont s\u00e9lectionn\u00e9s rigoureusement et analys\u00e9s avant et apr\u00e8s la production de nos produits.\t\t\t\t\t<\/p>\n\t\t\t\t\n\t\t\t<\/div>\n\t\t\t\n\t\t<\/div>\n\t\t\t\t\t\t<\/div>\n\t\t\t\t<\/div>\n\t\t\t\t\t<\/div>\n\t\t<\/div>\n\t\t\t\t<div class=\"elementor-column elementor-col-50 elementor-top-column elementor-element elementor-element-d62db0c\" data-id=\"d62db0c\" data-element_type=\"column\" data-e-type=\"column\">\n\t\t\t<div class=\"elementor-widget-wrap elementor-element-populated\">\n\t\t\t\t\t\t<div class=\"elementor-element elementor-element-77c6b37 elementor-widget__width-initial elementor-widget elementor-widget-image\" data-id=\"77c6b37\" data-element_type=\"widget\" data-e-type=\"widget\" data-widget_type=\"image.default\">\n\t\t\t\t<div class=\"elementor-widget-container\">\n\t\t\t\t\t\t\t\t\t\t\t\t\t\t\t<img decoding=\"async\" width=\"600\" height=\"600\" src=\"https:\/\/flexofytol.be\/wp-content\/uploads\/2024\/08\/boswellia-ronf.png\" class=\"attachment-full size-full wp-image-8011\" alt=\"\" srcset=\"https:\/\/flexofytol.be\/wp-content\/uploads\/2024\/08\/boswellia-ronf.png 600w, https:\/\/flexofytol.be\/wp-content\/uploads\/2024\/08\/boswellia-ronf-300x300.png 300w, https:\/\/flexofytol.be\/wp-content\/uploads\/2024\/08\/boswellia-ronf-150x150.png 150w\" sizes=\"(max-width: 600px) 100vw, 600px\" \/>\t\t\t\t\t\t\t\t\t\t\t\t\t\t\t<\/div>\n\t\t\t\t<\/div>\n\t\t\t\t<div class=\"elementor-element elementor-element-7a9527e elementor-widget__width-initial elementor-widget elementor-widget-button\" data-id=\"7a9527e\" data-element_type=\"widget\" data-e-type=\"widget\" data-widget_type=\"button.default\">\n\t\t\t\t<div class=\"elementor-widget-container\">\n\t\t\t\t\t\t\t\t\t<div class=\"elementor-button-wrapper\">\n\t\t\t\t\t<a class=\"elementor-button elementor-button-link elementor-size-sm\" href=\"\/fr\/curcuma-boswellia\/boswellia-serrata\/\" target=\"_blank\">\n\t\t\t\t\t\t<span class=\"elementor-button-content-wrapper\">\n\t\t\t\t\t\t<span class=\"elementor-button-icon\">\n\t\t\t\t<svg aria-hidden=\"true\" class=\"e-font-icon-svg e-fas-plus-circle\" viewBox=\"0 0 512 512\" xmlns=\"http:\/\/www.w3.org\/2000\/svg\"><path d=\"M256 8C119 8 8 119 8 256s111 248 248 248 248-111 248-248S393 8 256 8zm144 276c0 6.6-5.4 12-12 12h-92v92c0 6.6-5.4 12-12 12h-56c-6.6 0-12-5.4-12-12v-92h-92c-6.6 0-12-5.4-12-12v-56c0-6.6 5.4-12 12-12h92v-92c0-6.6 5.4-12 12-12h56c6.6 0 12 5.4 12 12v92h92c6.6 0 12 5.4 12 12v56z\"><\/path><\/svg>\t\t\t<\/span>\n\t\t\t\t\t\t\t\t\t<span class=\"elementor-button-text\">Et le Boswellia alors ?<\/span>\n\t\t\t\t\t<\/span>\n\t\t\t\t\t<\/a>\n\t\t\t\t<\/div>\n\t\t\t\t\t\t\t\t<\/div>\n\t\t\t\t<\/div>\n\t\t\t\t\t<\/div>\n\t\t<\/div>\n\t\t\t\t\t<\/div>\n\t\t<\/section>\n\t\t\t\t<section class=\"elementor-section elementor-top-section elementor-element elementor-element-a4bc829 elementor-section-stretched elementor-section-boxed elementor-section-height-default elementor-section-height-default wpr-particle-no wpr-jarallax-no wpr-parallax-no wpr-sticky-section-no wpr-equal-height-no\" data-id=\"a4bc829\" data-element_type=\"section\" data-e-type=\"section\" data-settings=\"{&quot;stretch_section&quot;:&quot;section-stretched&quot;,&quot;background_background&quot;:&quot;classic&quot;}\">\n\t\t\t\t\t\t<div class=\"elementor-container elementor-column-gap-default\">\n\t\t\t\t\t<div class=\"elementor-column elementor-col-100 elementor-top-column elementor-element elementor-element-8484d50\" data-id=\"8484d50\" data-element_type=\"column\" data-e-type=\"column\">\n\t\t\t<div class=\"elementor-widget-wrap elementor-element-populated\">\n\t\t\t\t\t\t<div class=\"elementor-element elementor-element-283acb3 elementor-headline--style-highlight elementor-widget elementor-widget-animated-headline\" data-id=\"283acb3\" data-element_type=\"widget\" data-e-type=\"widget\" data-settings=\"{&quot;highlighted_text&quot;:&quot;CURCUMA&quot;,&quot;marker&quot;:&quot;underline_zigzag&quot;,&quot;headline_style&quot;:&quot;highlight&quot;,&quot;loop&quot;:&quot;yes&quot;,&quot;highlight_animation_duration&quot;:1200,&quot;highlight_iteration_delay&quot;:8000}\" data-widget_type=\"animated-headline.default\">\n\t\t\t\t<div class=\"elementor-widget-container\">\n\t\t\t\t\t\t\t<h2 class=\"elementor-headline\">\n\t\t\t\t\t<span class=\"elementor-headline-plain-text elementor-headline-text-wrapper\">DANS QUELS PRODUITS TROUVER DU <\/span>\n\t\t\t\t<span class=\"elementor-headline-dynamic-wrapper elementor-headline-text-wrapper\">\n\t\t\t\t\t<span class=\"elementor-headline-dynamic-text elementor-headline-text-active\">CURCUMA<\/span>\n\t\t\t\t<\/span>\n\t\t\t\t\t<span class=\"elementor-headline-plain-text elementor-headline-text-wrapper\">?<\/span>\n\t\t\t\t\t<\/h2>\n\t\t\t\t\t\t<\/div>\n\t\t\t\t<\/div>\n\t\t\t\t<div class=\"elementor-element elementor-element-cc66587 elementor-align-left elementor-widget__width-inherit elementor-widget elementor-widget-button\" data-id=\"cc66587\" data-element_type=\"widget\" data-e-type=\"widget\" data-widget_type=\"button.default\">\n\t\t\t\t<div class=\"elementor-widget-container\">\n\t\t\t\t\t\t\t\t\t<div class=\"elementor-button-wrapper\">\n\t\t\t\t\t<a class=\"elementor-button elementor-button-link elementor-size-sm\" href=\"\/fr\/gamme\/\">\n\t\t\t\t\t\t<span class=\"elementor-button-content-wrapper\">\n\t\t\t\t\t\t<span class=\"elementor-button-icon\">\n\t\t\t\t<svg aria-hidden=\"true\" class=\"e-font-icon-svg e-fas-angle-right\" viewBox=\"0 0 256 512\" xmlns=\"http:\/\/www.w3.org\/2000\/svg\"><path d=\"M224.3 273l-136 136c-9.4 9.4-24.6 9.4-33.9 0l-22.6-22.6c-9.4-9.4-9.4-24.6 0-33.9l96.4-96.4-96.4-96.4c-9.4-9.4-9.4-24.6 0-33.9L54.3 103c9.4-9.4 24.6-9.4 33.9 0l136 136c9.5 9.4 9.5 24.6.1 34z\"><\/path><\/svg>\t\t\t<\/span>\n\t\t\t\t\t\t\t\t\t<span class=\"elementor-button-text\">D\u00e9couvrez nos solutions \u00e0 base de curcuma <\/span>\n\t\t\t\t\t<\/span>\n\t\t\t\t\t<\/a>\n\t\t\t\t<\/div>\n\t\t\t\t\t\t\t\t<\/div>\n\t\t\t\t<\/div>\n\t\t\t\t\t<\/div>\n\t\t<\/div>\n\t\t\t\t\t<\/div>\n\t\t<\/section>\n\t\t\t\t<\/div>\n\t\t","protected":false},"excerpt":{"rendered":"<p>Le&nbsp;curcuma Le curcuma, votre nouvel alli\u00e9 pour des articulations en forme Utilis\u00e9e depuis des si\u00e8cles en cuisine et en m\u00e9decine asiatique, la racine de curcuma est une \u00e9pice \u00e0 laquelle on attribue de nombreuses vertus dont une\u00a0action b\u00e9n\u00e9fique sur les articulations. C\u2019est plus pr\u00e9cis\u00e9ment la curcumine, l\u2019un des principes actifs du curcuma, qui joue un r\u00f4le sur notre mobilit\u00e9. En tant que puissant antioxydant naturel,\u00a0la curcumine\u00a0agit sur l\u2019origine des sensibilit\u00e9s articulaires. Elle contribue d\u00e8s lors \u00e0\u00a0maintenir la souplesse des articulations, des muscles et des tendons. UNE ALTERNATIVE S\u00dbRE ET EFFICACE De nombreuses \u00e9tudes ont \u00e9t\u00e9 men\u00e9es sur la curcumine et confirment\u00a0l\u2019int\u00e9r\u00eat et la s\u00e9curit\u00e9\u00a0de cette alternative naturelle. Effectivement, il a \u00e9t\u00e9 d\u00e9montr\u00e9 que la curcumine provoque tr\u00e8s peu d\u2019effets\u00a0contraires et peut \u00eatre utilis\u00e9e pendant de longues p\u00e9riodes\u00a0avec une\u00a0tr\u00e8s bonne\u00a0tol\u00e9rance gastrique. LE CURCUMA OUI, MAIS PAS SOUS N\u2019IMPORTE QUELLE FORME ! Glisser de la poudre de curcuma dans vos plats ne suffit pas pour profiter des bienfaits\u00a0de cette \u00e9pice mill\u00e9naire : il est n\u00e9cessaire de favoriser une formulation exclusive et \u00e9tudi\u00e9e scientifiquement pour garantir un effet optimal. Le saviez-vous ? Afin de vous offrir le meilleur, nous utilisons des extraits de plantes aux qualit\u00e9s uniques et aux origines contr\u00f4l\u00e9es par les experts du Laboratoire Tilman. Nos extraits de plantes sont s\u00e9lectionn\u00e9s rigoureusement et analys\u00e9s avant et apr\u00e8s la production de nos produits. Et le Boswellia alors ? DANS QUELS PRODUITS TROUVER DU CURCUMA ? D\u00e9couvrez nos solutions \u00e0 base de curcuma<\/p>\n","protected":false},"author":1,"featured_media":0,"parent":8108,"menu_order":0,"comment_status":"closed","ping_status":"closed","template":"","meta":{"footnotes":""},"class_list":["post-8115","page","type-page","status-publish","hentry"],"aioseo_notices":[],"_links":{"self":[{"href":"https:\/\/flexofytol.be\/fr\/wp-json\/wp\/v2\/pages\/8115","targetHints":{"allow":["GET"]}}],"collection":[{"href":"https:\/\/flexofytol.be\/fr\/wp-json\/wp\/v2\/pages"}],"about":[{"href":"https:\/\/flexofytol.be\/fr\/wp-json\/wp\/v2\/types\/page"}],"author":[{"embeddable":true,"href":"https:\/\/flexofytol.be\/fr\/wp-json\/wp\/v2\/users\/1"}],"replies":[{"embeddable":true,"href":"https:\/\/flexofytol.be\/fr\/wp-json\/wp\/v2\/comments?post=8115"}],"version-history":[{"count":12,"href":"https:\/\/flexofytol.be\/fr\/wp-json\/wp\/v2\/pages\/8115\/revisions"}],"predecessor-version":[{"id":8217,"href":"https:\/\/flexofytol.be\/fr\/wp-json\/wp\/v2\/pages\/8115\/revisions\/8217"}],"up":[{"embeddable":true,"href":"https:\/\/flexofytol.be\/fr\/wp-json\/wp\/v2\/pages\/8108"}],"wp:attachment":[{"href":"https:\/\/flexofytol.be\/fr\/wp-json\/wp\/v2\/media?parent=8115"}],"curies":[{"name":"wp","href":"https:\/\/api.w.org\/{rel}","templated":true}]}}