{"id":7210,"date":"2024-08-20T09:50:56","date_gmt":"2024-08-20T07:50:56","guid":{"rendered":"https:\/\/flexofytol.be\/laboratoire-tilman-e\/"},"modified":"2024-08-26T12:04:32","modified_gmt":"2024-08-26T10:04:32","slug":"laboratoire-tilman","status":"publish","type":"page","link":"https:\/\/flexofytol.be\/fr\/laboratoire-tilman\/","title":{"rendered":"Laboratoire Tilman"},"content":{"rendered":"\t\t<div data-elementor-type=\"wp-page\" data-elementor-id=\"7210\" class=\"elementor elementor-7210 elementor-7184\" data-elementor-post-type=\"page\">\n\t\t\t\t\t\t<section class=\"elementor-section elementor-top-section elementor-element elementor-element-1757131 elementor-section-stretched elementor-section-boxed elementor-section-height-default elementor-section-height-default wpr-particle-no wpr-jarallax-no wpr-parallax-no wpr-sticky-section-no wpr-equal-height-no\" data-id=\"1757131\" data-element_type=\"section\" data-e-type=\"section\" data-settings=\"{&quot;stretch_section&quot;:&quot;section-stretched&quot;,&quot;background_background&quot;:&quot;gradient&quot;}\">\n\t\t\t\t\t\t<div class=\"elementor-container elementor-column-gap-default\">\n\t\t\t\t\t<div class=\"elementor-column elementor-col-100 elementor-top-column elementor-element elementor-element-fb8db58\" data-id=\"fb8db58\" data-element_type=\"column\" data-e-type=\"column\">\n\t\t\t<div class=\"elementor-widget-wrap elementor-element-populated\">\n\t\t\t\t\t\t<div class=\"elementor-element elementor-element-4280e55 elementor-headline--style-rotate elementor-widget elementor-widget-animated-headline\" data-id=\"4280e55\" data-element_type=\"widget\" data-e-type=\"widget\" data-settings=\"{&quot;headline_style&quot;:&quot;rotate&quot;,&quot;animation_type&quot;:&quot;slide&quot;,&quot;rotating_text&quot;:&quot;Le laboratoire Tilman&quot;,&quot;loop&quot;:&quot;yes&quot;,&quot;rotate_iteration_delay&quot;:2500}\" data-widget_type=\"animated-headline.default\">\n\t\t\t\t<div class=\"elementor-widget-container\">\n\t\t\t\t\t\t\t<h1 class=\"elementor-headline elementor-headline-animation-type-slide\">\n\t\t\t\t<span class=\"elementor-headline-dynamic-wrapper elementor-headline-text-wrapper\">\n\t\t\t\t\t<span class=\"elementor-headline-dynamic-text elementor-headline-text-active\">\n\t\t\t\tLe&nbsp;laboratoire&nbsp;Tilman\t\t\t<\/span>\n\t\t\t\t\t\t<\/span>\n\t\t\t\t<\/h1>\n\t\t\t\t\t\t<\/div>\n\t\t\t\t<\/div>\n\t\t\t\t\t<\/div>\n\t\t<\/div>\n\t\t\t\t\t<\/div>\n\t\t<\/section>\n\t\t\t\t<section class=\"elementor-section elementor-top-section elementor-element elementor-element-ebce716 elementor-section-stretched elementor-section-boxed elementor-section-height-default elementor-section-height-default wpr-particle-no wpr-jarallax-no wpr-parallax-no wpr-sticky-section-no wpr-equal-height-no\" data-id=\"ebce716\" data-element_type=\"section\" data-e-type=\"section\" data-settings=\"{&quot;stretch_section&quot;:&quot;section-stretched&quot;,&quot;background_background&quot;:&quot;slideshow&quot;,&quot;background_slideshow_gallery&quot;:[],&quot;background_slideshow_loop&quot;:&quot;yes&quot;,&quot;background_slideshow_slide_duration&quot;:5000,&quot;background_slideshow_slide_transition&quot;:&quot;fade&quot;,&quot;background_slideshow_transition_duration&quot;:500}\">\n\t\t\t\t\t\t\t<div class=\"elementor-background-overlay\"><\/div>\n\t\t\t\t\t\t\t<div class=\"elementor-container elementor-column-gap-default\">\n\t\t\t\t\t<div class=\"elementor-column elementor-col-50 elementor-top-column elementor-element elementor-element-259f190\" data-id=\"259f190\" data-element_type=\"column\" data-e-type=\"column\">\n\t\t\t<div class=\"elementor-widget-wrap elementor-element-populated\">\n\t\t\t\t\t\t<div class=\"elementor-element elementor-element-4b5c453 elementor-widget elementor-widget-image\" data-id=\"4b5c453\" data-element_type=\"widget\" data-e-type=\"widget\" data-widget_type=\"image.default\">\n\t\t\t\t<div class=\"elementor-widget-container\">\n\t\t\t\t\t\t\t\t\t\t\t\t\t\t\t<img decoding=\"async\" width=\"120\" height=\"120\" src=\"https:\/\/flexofytol.be\/wp-content\/uploads\/2016\/07\/TILMAN-logo-petit.png\" class=\"attachment-full size-full wp-image-654\" alt=\"\" srcset=\"https:\/\/flexofytol.be\/wp-content\/uploads\/2016\/07\/TILMAN-logo-petit.png 120w, https:\/\/flexofytol.be\/wp-content\/uploads\/2016\/07\/TILMAN-logo-petit-300x300.png 300w, https:\/\/flexofytol.be\/wp-content\/uploads\/2016\/07\/TILMAN-logo-petit-1024x1024.png 1024w, https:\/\/flexofytol.be\/wp-content\/uploads\/2016\/07\/TILMAN-logo-petit-600x600.webp 600w\" sizes=\"(max-width: 120px) 100vw, 120px\" \/>\t\t\t\t\t\t\t\t\t\t\t\t\t\t\t<\/div>\n\t\t\t\t<\/div>\n\t\t\t\t<div class=\"elementor-element elementor-element-64eb621 elementor-widget elementor-widget-heading\" data-id=\"64eb621\" data-element_type=\"widget\" data-e-type=\"widget\" data-widget_type=\"heading.default\">\n\t\t\t\t<div class=\"elementor-widget-container\">\n\t\t\t\t\t<h3 class=\"elementor-heading-title elementor-size-default\">Qui sommes-nous ?<\/h3>\t\t\t\t<\/div>\n\t\t\t\t<\/div>\n\t\t\t\t<div class=\"elementor-element elementor-element-788a82a elementor-widget elementor-widget-text-editor\" data-id=\"788a82a\" data-element_type=\"widget\" data-e-type=\"widget\" data-widget_type=\"text-editor.default\">\n\t\t\t\t<div class=\"elementor-widget-container\">\n\t\t\t\t\t\t\t\t\t<p>Fort d\u2019une exp\u00e9rience de plus de 60 ans, le\u00a0<strong>laboratoire Tilman \u00e9labore des solutions naturelles pour une prise en charge s\u00fbre et efficace des pr\u00e9occupations-sant\u00e9 de tous les jours<\/strong>. Situ\u00e9 \u00e0 Baillonville pr\u00e8s de Marche-en-Famenne, le laboratoire Tilman est \u00e9galement l\u2019un des plus modernes et des mieux \u00e9quip\u00e9s d\u2019Europe.<\/p>\t\t\t\t\t\t\t\t<\/div>\n\t\t\t\t<\/div>\n\t\t\t\t<div class=\"elementor-element elementor-element-69dea0e elementor-widget elementor-widget-button\" data-id=\"69dea0e\" data-element_type=\"widget\" data-e-type=\"widget\" data-widget_type=\"button.default\">\n\t\t\t\t<div class=\"elementor-widget-container\">\n\t\t\t\t\t\t\t\t\t<div class=\"elementor-button-wrapper\">\n\t\t\t\t\t<a class=\"elementor-button elementor-button-link elementor-size-sm\" href=\"https:\/\/www.tilman.fr\" target=\"_blank\">\n\t\t\t\t\t\t<span class=\"elementor-button-content-wrapper\">\n\t\t\t\t\t\t<span class=\"elementor-button-icon\">\n\t\t\t\t<svg aria-hidden=\"true\" class=\"e-font-icon-svg e-fas-angle-right\" viewBox=\"0 0 256 512\" xmlns=\"http:\/\/www.w3.org\/2000\/svg\"><path d=\"M224.3 273l-136 136c-9.4 9.4-24.6 9.4-33.9 0l-22.6-22.6c-9.4-9.4-9.4-24.6 0-33.9l96.4-96.4-96.4-96.4c-9.4-9.4-9.4-24.6 0-33.9L54.3 103c9.4-9.4 24.6-9.4 33.9 0l136 136c9.5 9.4 9.5 24.6.1 34z\"><\/path><\/svg>\t\t\t<\/span>\n\t\t\t\t\t\t\t\t\t<span class=\"elementor-button-text\">Visiter le site Tilman<\/span>\n\t\t\t\t\t<\/span>\n\t\t\t\t\t<\/a>\n\t\t\t\t<\/div>\n\t\t\t\t\t\t\t\t<\/div>\n\t\t\t\t<\/div>\n\t\t\t\t\t<\/div>\n\t\t<\/div>\n\t\t\t\t<div class=\"elementor-column elementor-col-50 elementor-top-column elementor-element elementor-element-5e574e5\" data-id=\"5e574e5\" data-element_type=\"column\" data-e-type=\"column\">\n\t\t\t<div class=\"elementor-widget-wrap elementor-element-populated\">\n\t\t\t\t\t\t<div class=\"elementor-element elementor-element-85ef9cf elementor-widget elementor-widget-image\" data-id=\"85ef9cf\" data-element_type=\"widget\" data-e-type=\"widget\" data-widget_type=\"image.default\">\n\t\t\t\t<div class=\"elementor-widget-container\">\n\t\t\t\t\t\t\t\t\t\t\t\t\t\t\t<img decoding=\"async\" width=\"150\" height=\"150\" src=\"https:\/\/flexofytol.be\/wp-content\/uploads\/2024\/08\/tilman-croix-pharmacie-1.png\" class=\"attachment-full size-full wp-image-6864\" alt=\"\" \/>\t\t\t\t\t\t\t\t\t\t\t\t\t\t\t<\/div>\n\t\t\t\t<\/div>\n\t\t\t\t<div class=\"elementor-element elementor-element-56fe3d1 elementor-widget elementor-widget-heading\" data-id=\"56fe3d1\" data-element_type=\"widget\" data-e-type=\"widget\" data-widget_type=\"heading.default\">\n\t\t\t\t<div class=\"elementor-widget-container\">\n\t\t\t\t\t<h3 class=\"elementor-heading-title elementor-size-default\">O\u00d9 TROUVER NOS PRODUITS ?<\/h3>\t\t\t\t<\/div>\n\t\t\t\t<\/div>\n\t\t\t\t<div class=\"elementor-element elementor-element-d8443c1 elementor-widget elementor-widget-text-editor\" data-id=\"d8443c1\" data-element_type=\"widget\" data-e-type=\"widget\" data-widget_type=\"text-editor.default\">\n\t\t\t\t<div class=\"elementor-widget-container\">\n\t\t\t\t\t\t\t\t\t<p>Les produits Tilman sont\u00a0<strong>uniquement disponibles en pharmacie<\/strong>, o\u00f9 des professionnels de la sant\u00e9 sont pr\u00e9sents pour conseiller et guider le patient dans ses choix.<\/p>\t\t\t\t\t\t\t\t<\/div>\n\t\t\t\t<\/div>\n\t\t\t\t<div class=\"elementor-element elementor-element-8f756e0 elementor-widget elementor-widget-button\" data-id=\"8f756e0\" data-element_type=\"widget\" data-e-type=\"widget\" data-widget_type=\"button.default\">\n\t\t\t\t<div class=\"elementor-widget-container\">\n\t\t\t\t\t\t\t\t\t<div class=\"elementor-button-wrapper\">\n\t\t\t\t\t<a class=\"elementor-button elementor-button-link elementor-size-sm\" href=\"\/ou-acheter\/\">\n\t\t\t\t\t\t<span class=\"elementor-button-content-wrapper\">\n\t\t\t\t\t\t<span class=\"elementor-button-icon\">\n\t\t\t\t<svg aria-hidden=\"true\" class=\"e-font-icon-svg e-fas-shopping-basket\" viewBox=\"0 0 576 512\" xmlns=\"http:\/\/www.w3.org\/2000\/svg\"><path d=\"M576 216v16c0 13.255-10.745 24-24 24h-8l-26.113 182.788C514.509 462.435 494.257 480 470.37 480H105.63c-23.887 0-44.139-17.565-47.518-41.212L32 256h-8c-13.255 0-24-10.745-24-24v-16c0-13.255 10.745-24 24-24h67.341l106.78-146.821c10.395-14.292 30.407-17.453 44.701-7.058 14.293 10.395 17.453 30.408 7.058 44.701L170.477 192h235.046L326.12 82.821c-10.395-14.292-7.234-34.306 7.059-44.701 14.291-10.395 34.306-7.235 44.701 7.058L484.659 192H552c13.255 0 24 10.745 24 24zM312 392V280c0-13.255-10.745-24-24-24s-24 10.745-24 24v112c0 13.255 10.745 24 24 24s24-10.745 24-24zm112 0V280c0-13.255-10.745-24-24-24s-24 10.745-24 24v112c0 13.255 10.745 24 24 24s24-10.745 24-24zm-224 0V280c0-13.255-10.745-24-24-24s-24 10.745-24 24v112c0 13.255 10.745 24 24 24s24-10.745 24-24z\"><\/path><\/svg>\t\t\t<\/span>\n\t\t\t\t\t\t\t\t\t<span class=\"elementor-button-text\">Nos points de vente<\/span>\n\t\t\t\t\t<\/span>\n\t\t\t\t\t<\/a>\n\t\t\t\t<\/div>\n\t\t\t\t\t\t\t\t<\/div>\n\t\t\t\t<\/div>\n\t\t\t\t\t<\/div>\n\t\t<\/div>\n\t\t\t\t\t<\/div>\n\t\t<\/section>\n\t\t\t\t<section class=\"elementor-section elementor-top-section elementor-element elementor-element-7e6d493 elementor-section-boxed elementor-section-height-default elementor-section-height-default wpr-particle-no wpr-jarallax-no wpr-parallax-no wpr-sticky-section-no wpr-equal-height-no\" data-id=\"7e6d493\" data-element_type=\"section\" data-e-type=\"section\">\n\t\t\t\t\t\t<div class=\"elementor-container elementor-column-gap-default\">\n\t\t\t\t\t<div class=\"elementor-column elementor-col-100 elementor-top-column elementor-element elementor-element-b7fed48\" data-id=\"b7fed48\" data-element_type=\"column\" data-e-type=\"column\">\n\t\t\t<div class=\"elementor-widget-wrap elementor-element-populated\">\n\t\t\t\t\t\t<div class=\"elementor-element elementor-element-fde2a86 elementor-widget-divider--view-line elementor-widget elementor-widget-divider\" data-id=\"fde2a86\" data-element_type=\"widget\" data-e-type=\"widget\" data-widget_type=\"divider.default\">\n\t\t\t\t<div class=\"elementor-widget-container\">\n\t\t\t\t\t\t\t<div class=\"elementor-divider\">\n\t\t\t<span class=\"elementor-divider-separator\">\n\t\t\t\t\t\t<\/span>\n\t\t<\/div>\n\t\t\t\t\t\t<\/div>\n\t\t\t\t<\/div>\n\t\t\t\t\t<\/div>\n\t\t<\/div>\n\t\t\t\t\t<\/div>\n\t\t<\/section>\n\t\t\t\t<section class=\"elementor-section elementor-top-section elementor-element elementor-element-b286552 elementor-section-boxed elementor-section-height-default elementor-section-height-default wpr-particle-no wpr-jarallax-no wpr-parallax-no wpr-sticky-section-no wpr-equal-height-no\" data-id=\"b286552\" data-element_type=\"section\" data-e-type=\"section\">\n\t\t\t\t\t\t<div class=\"elementor-container elementor-column-gap-default\">\n\t\t\t\t\t<div class=\"elementor-column elementor-col-50 elementor-top-column elementor-element elementor-element-5d41a88\" data-id=\"5d41a88\" data-element_type=\"column\" data-e-type=\"column\">\n\t\t\t<div class=\"elementor-widget-wrap elementor-element-populated\">\n\t\t\t\t\t\t<div class=\"elementor-element elementor-element-b78f990 elementor-widget elementor-widget-heading\" data-id=\"b78f990\" data-element_type=\"widget\" data-e-type=\"widget\" data-widget_type=\"heading.default\">\n\t\t\t\t<div class=\"elementor-widget-container\">\n\t\t\t\t\t<h3 class=\"elementor-heading-title elementor-size-default\">ENTREPRISE DE L\u2019ANN\u00c9E 2013<\/h3>\t\t\t\t<\/div>\n\t\t\t\t<\/div>\n\t\t\t\t<div class=\"elementor-element elementor-element-6841c2d elementor-widget elementor-widget-text-editor\" data-id=\"6841c2d\" data-element_type=\"widget\" data-e-type=\"widget\" data-widget_type=\"text-editor.default\">\n\t\t\t\t<div class=\"elementor-widget-container\">\n\t\t\t\t\t\t\t\t\t<p>Ce prix couronne les entreprises qui affichent une croissance et des r\u00e9sultats spectaculaires, et qui se distinguent en mati\u00e8re d\u2019entrepreneuriat, de strat\u00e9gie, de sens de l\u2019innovation, d\u2019ouverture sur le monde et de pers\u00e9v\u00e9rance.<br \/>\u00ab\u00a0<em>La diff\u00e9rence entre Tilman et la plupart des autres entreprises vient surtout de l\u2019implication, de la responsabilit\u00e9 et de l\u2019autonomie des 125 personnes qui sont \u00e0 mes c\u00f4t\u00e9s. Cette motivation permanente est construite sur une confiance totale. La\u00a0<strong>confiance<\/strong>\u00a0est une valeur-cl\u00e9 de notre entreprise, ainsi que le\u00a0<strong>respect<\/strong>\u00a0et la\u00a0<strong>responsabilit\u00e9 soci\u00e9tale<\/strong>. La culture et l\u2019esprit d\u2019entreprise qui en r\u00e9sultent sont tr\u00e8s forts. Ils sont per\u00e7us par nos prescripteurs, pharmaciens et m\u00e9decins, et jusque chez les patients, au-travers de nos produits et de l\u2019attention que nous leur portons. Voil\u00e0 tout ce qui fait de Tilman une entreprise d\u2019exception.<\/em>\u00a0\u00bb<br \/>Jean-No\u00ebl Tilman, pharmacien, CEO<\/p>\t\t\t\t\t\t\t\t<\/div>\n\t\t\t\t<\/div>\n\t\t\t\t\t<\/div>\n\t\t<\/div>\n\t\t\t\t<div class=\"elementor-column elementor-col-50 elementor-top-column elementor-element elementor-element-320eec0\" data-id=\"320eec0\" data-element_type=\"column\" data-e-type=\"column\">\n\t\t\t<div class=\"elementor-widget-wrap elementor-element-populated\">\n\t\t\t\t\t\t<div class=\"elementor-element elementor-element-8d4a0e9 elementor-widget elementor-widget-image\" data-id=\"8d4a0e9\" data-element_type=\"widget\" data-e-type=\"widget\" data-widget_type=\"image.default\">\n\t\t\t\t<div class=\"elementor-widget-container\">\n\t\t\t\t\t\t\t\t\t\t\t\t\t\t\t<img fetchpriority=\"high\" decoding=\"async\" width=\"1618\" height=\"1080\" src=\"https:\/\/flexofytol.be\/wp-content\/uploads\/2024\/08\/entreprisedelannee_driesluyten17-jpg.webp\" class=\"attachment-full size-full wp-image-7189\" alt=\"\" \/>\t\t\t\t\t\t\t\t\t\t\t\t\t\t\t<\/div>\n\t\t\t\t<\/div>\n\t\t\t\t\t<\/div>\n\t\t<\/div>\n\t\t\t\t\t<\/div>\n\t\t<\/section>\n\t\t\t\t<\/div>\n\t\t","protected":false},"excerpt":{"rendered":"<p>Le&nbsp;laboratoire&nbsp;Tilman Qui sommes-nous ? Fort d\u2019une exp\u00e9rience de plus de 60 ans, le\u00a0laboratoire Tilman \u00e9labore des solutions naturelles pour une prise en charge s\u00fbre et efficace des pr\u00e9occupations-sant\u00e9 de tous les jours. Situ\u00e9 \u00e0 Baillonville pr\u00e8s de Marche-en-Famenne, le laboratoire Tilman est \u00e9galement l\u2019un des plus modernes et des mieux \u00e9quip\u00e9s d\u2019Europe. Visiter le site Tilman O\u00d9 TROUVER NOS PRODUITS ? Les produits Tilman sont\u00a0uniquement disponibles en pharmacie, o\u00f9 des professionnels de la sant\u00e9 sont pr\u00e9sents pour conseiller et guider le patient dans ses choix. Nos points de vente ENTREPRISE DE L\u2019ANN\u00c9E 2013 Ce prix couronne les entreprises qui affichent une croissance et des r\u00e9sultats spectaculaires, et qui se distinguent en mati\u00e8re d\u2019entrepreneuriat, de strat\u00e9gie, de sens de l\u2019innovation, d\u2019ouverture sur le monde et de pers\u00e9v\u00e9rance.\u00ab\u00a0La diff\u00e9rence entre Tilman et la plupart des autres entreprises vient surtout de l\u2019implication, de la responsabilit\u00e9 et de l\u2019autonomie des 125 personnes qui sont \u00e0 mes c\u00f4t\u00e9s. Cette motivation permanente est construite sur une confiance totale. La\u00a0confiance\u00a0est une valeur-cl\u00e9 de notre entreprise, ainsi que le\u00a0respect\u00a0et la\u00a0responsabilit\u00e9 soci\u00e9tale. La culture et l\u2019esprit d\u2019entreprise qui en r\u00e9sultent sont tr\u00e8s forts. Ils sont per\u00e7us par nos prescripteurs, pharmaciens et m\u00e9decins, et jusque chez les patients, au-travers de nos produits et de l\u2019attention que nous leur portons. Voil\u00e0 tout ce qui fait de Tilman une entreprise d\u2019exception.\u00a0\u00bbJean-No\u00ebl Tilman, pharmacien, CEO<\/p>\n","protected":false},"author":1,"featured_media":0,"parent":0,"menu_order":0,"comment_status":"closed","ping_status":"closed","template":"","meta":{"footnotes":""},"class_list":["post-7210","page","type-page","status-publish","hentry"],"aioseo_notices":[],"_links":{"self":[{"href":"https:\/\/flexofytol.be\/fr\/wp-json\/wp\/v2\/pages\/7210","targetHints":{"allow":["GET"]}}],"collection":[{"href":"https:\/\/flexofytol.be\/fr\/wp-json\/wp\/v2\/pages"}],"about":[{"href":"https:\/\/flexofytol.be\/fr\/wp-json\/wp\/v2\/types\/page"}],"author":[{"embeddable":true,"href":"https:\/\/flexofytol.be\/fr\/wp-json\/wp\/v2\/users\/1"}],"replies":[{"embeddable":true,"href":"https:\/\/flexofytol.be\/fr\/wp-json\/wp\/v2\/comments?post=7210"}],"version-history":[{"count":8,"href":"https:\/\/flexofytol.be\/fr\/wp-json\/wp\/v2\/pages\/7210\/revisions"}],"predecessor-version":[{"id":7435,"href":"https:\/\/flexofytol.be\/fr\/wp-json\/wp\/v2\/pages\/7210\/revisions\/7435"}],"wp:attachment":[{"href":"https:\/\/flexofytol.be\/fr\/wp-json\/wp\/v2\/media?parent=7210"}],"curies":[{"name":"wp","href":"https:\/\/api.w.org\/{rel}","templated":true}]}}